{"id":756,"date":"2025-01-23T10:22:34","date_gmt":"2025-01-23T16:22:34","guid":{"rendered":"https:\/\/urotest.aplitic.net\/wp\/?page_id=756"},"modified":"2025-01-23T10:22:57","modified_gmt":"2025-01-23T16:22:57","slug":"vejiga","status":"publish","type":"page","link":"https:\/\/urotest.aplitic.net\/wp\/vejiga\/","title":{"rendered":"Vejiga"},"content":{"rendered":"\t\t<div data-elementor-type=\"wp-page\" data-elementor-id=\"756\" class=\"elementor elementor-756\">\n\t\t\t\t<div class=\"elementor-element elementor-element-b872016 e-flex e-con-boxed wpr-particle-no wpr-jarallax-no wpr-parallax-no wpr-sticky-section-no e-con e-parent\" data-id=\"b872016\" data-element_type=\"container\" data-e-type=\"container\" data-settings=\"{&quot;background_background&quot;:&quot;classic&quot;}\">\n\t\t\t\t\t<div class=\"e-con-inner\">\n\t\t\t\t<div class=\"elementor-element elementor-element-d188c2f elementor-widget elementor-widget-spacer\" data-id=\"d188c2f\" data-element_type=\"widget\" data-e-type=\"widget\" data-widget_type=\"spacer.default\">\n\t\t\t\t<div class=\"elementor-widget-container\">\n\t\t\t\t\t\t\t<div class=\"elementor-spacer\">\n\t\t\t<div class=\"elementor-spacer-inner\"><\/div>\n\t\t<\/div>\n\t\t\t\t\t\t<\/div>\n\t\t\t\t<\/div>\n\t\t<div class=\"elementor-element elementor-element-5a4c5e6 e-con-full e-flex wpr-particle-no wpr-jarallax-no wpr-parallax-no wpr-sticky-section-no e-con e-child\" data-id=\"5a4c5e6\" data-element_type=\"container\" data-e-type=\"container\">\n\t\t<div class=\"elementor-element elementor-element-0e849b0 e-con-full e-flex wpr-particle-no wpr-jarallax-no wpr-parallax-no wpr-sticky-section-no e-con e-child\" data-id=\"0e849b0\" data-element_type=\"container\" data-e-type=\"container\">\n\t\t\t\t<div class=\"elementor-element elementor-element-8e9a55b elementor-widget elementor-widget-image\" data-id=\"8e9a55b\" data-element_type=\"widget\" data-e-type=\"widget\" data-widget_type=\"image.default\">\n\t\t\t\t<div class=\"elementor-widget-container\">\n\t\t\t\t\t\t\t\t\t\t\t\t\t\t\t<img fetchpriority=\"high\" decoding=\"async\" width=\"800\" height=\"800\" src=\"https:\/\/urotest.aplitic.net\/wp\/wp-content\/uploads\/2025\/01\/f7-1024x1024.png\" class=\"attachment-large size-large wp-image-650\" alt=\"\" srcset=\"https:\/\/urotest.aplitic.net\/wp\/wp-content\/uploads\/2025\/01\/f7-1024x1024.png 1024w, https:\/\/urotest.aplitic.net\/wp\/wp-content\/uploads\/2025\/01\/f7-300x300.png 300w, https:\/\/urotest.aplitic.net\/wp\/wp-content\/uploads\/2025\/01\/f7-150x150.png 150w, https:\/\/urotest.aplitic.net\/wp\/wp-content\/uploads\/2025\/01\/f7-768x768.png 768w, https:\/\/urotest.aplitic.net\/wp\/wp-content\/uploads\/2025\/01\/f7.png 1200w\" sizes=\"(max-width: 800px) 100vw, 800px\" \/>\t\t\t\t\t\t\t\t\t\t\t\t\t\t\t<\/div>\n\t\t\t\t<\/div>\n\t\t\t\t<\/div>\n\t\t<div class=\"elementor-element elementor-element-a279584 e-con-full e-flex wpr-particle-no wpr-jarallax-no wpr-parallax-no wpr-sticky-section-no e-con e-child\" data-id=\"a279584\" data-element_type=\"container\" data-e-type=\"container\">\n\t\t\t\t<div class=\"elementor-element elementor-element-6772f69 elementor-widget elementor-widget-heading\" data-id=\"6772f69\" data-element_type=\"widget\" data-e-type=\"widget\" data-widget_type=\"heading.default\">\n\t\t\t\t<div class=\"elementor-widget-container\">\n\t\t\t\t\t<h2 class=\"elementor-heading-title elementor-size-default\">Cirug\u00eda de vejiga<\/h2>\t\t\t\t<\/div>\n\t\t\t\t<\/div>\n\t\t\t\t<div class=\"elementor-element elementor-element-5fae672 elementor-widget elementor-widget-text-editor\" data-id=\"5fae672\" data-element_type=\"widget\" data-e-type=\"widget\" data-widget_type=\"text-editor.default\">\n\t\t\t\t<div class=\"elementor-widget-container\">\n\t\t\t\t\t\t\t\t\t<div class=\"vc_row wpb_row vc_row-fluid\"><div class=\"wpb_column vc_column_container vc_col-sm-12\"><div class=\"vc_column-inner\"><div class=\"wpb_wrapper\"><div class=\"wpb_text_column wpb_content_element \"><div class=\"wpb_wrapper\"><div class=\"vc_row wpb_row vc_row-fluid\"><div class=\"wpb_column vc_column_container vc_col-sm-12\"><div class=\"vc_column-inner\"><div class=\"wpb_wrapper\"><div class=\"wpb_text_column wpb_content_element \"><div class=\"wpb_wrapper\"><div class=\"vc_row wpb_row vc_row-fluid\"><div class=\"wpb_column vc_column_container vc_col-sm-12\"><div class=\"vc_column-inner\"><div class=\"wpb_wrapper\"><div class=\"wpb_text_column wpb_content_element \"><div class=\"wpb_wrapper\"><div class=\"vc_row wpb_row vc_row-fluid\"><div class=\"wpb_column vc_column_container vc_col-sm-12\"><div class=\"vc_column-inner\"><div class=\"wpb_wrapper\"><div class=\"wpb_text_column wpb_content_element \"><div class=\"wpb_wrapper\"><div class=\"vc_row wpb_row vc_row-fluid\"><div class=\"wpb_column vc_column_container vc_col-sm-12\"><div class=\"vc_column-inner\"><div class=\"wpb_wrapper\"><div class=\"wpb_text_column wpb_content_element \"><div class=\"wpb_wrapper\"><div class=\"vc_row wpb_row vc_row-fluid\"><div class=\"wpb_column vc_column_container vc_col-sm-12\"><div class=\"vc_column-inner\"><div class=\"wpb_wrapper\"><div class=\"wpb_text_column wpb_content_element \"><div class=\"wpb_wrapper\"><p>Existen 2 tipos de cirug\u00eda de vejiga<\/p><p><strong>Resecci\u00f3n transuretral de tumor vesical (RTUV)<\/strong><\/p><p>Procedimiento que se realiza a traves de la urera y resecando la tumoracion vesical con un asa monopolar como diagnostico, etapificacion y manejo de los tumores de vejiga. Su realizacion se debe discutir previamente en consulta y requiere de una evaluacion integral del caso.<\/p><p><strong>Cistoprostatectomia \/ cistectomia radical con derivaci\u00f3n urinaria<\/strong><\/p><p>Se realiza la extirpacion de la vejiga en casos de cancer vesical invasor, por lo que se requiere de la realizacion de una nueva vejiga para mantener la funcionalidad de las vias urinarias, a lo que se le llama derivacion urinaria. Antes de su realizaion se debe tener una adecuada evaluacion del caso.<\/p><\/div><\/div><\/div><\/div><\/div><\/div><\/div><\/div><\/div><\/div><\/div><\/div><\/div><\/div><\/div><\/div><\/div><\/div><\/div><\/div><\/div><\/div><\/div><\/div><\/div><\/div><\/div><\/div><\/div><\/div><\/div><\/div><\/div><\/div><\/div><\/div>\t\t\t\t\t\t\t\t<\/div>\n\t\t\t\t<\/div>\n\t\t\t\t<\/div>\n\t\t\t\t<\/div>\n\t\t\t\t<div class=\"elementor-element elementor-element-083d156 elementor-widget elementor-widget-spacer\" data-id=\"083d156\" data-element_type=\"widget\" data-e-type=\"widget\" data-widget_type=\"spacer.default\">\n\t\t\t\t<div class=\"elementor-widget-container\">\n\t\t\t\t\t\t\t<div class=\"elementor-spacer\">\n\t\t\t<div class=\"elementor-spacer-inner\"><\/div>\n\t\t<\/div>\n\t\t\t\t\t\t<\/div>\n\t\t\t\t<\/div>\n\t\t\t\t\t<\/div>\n\t\t\t\t<\/div>\n\t\t\t\t<\/div>\n\t\t","protected":false},"excerpt":{"rendered":"<p>Cirug\u00eda de vejiga Existen 2 tipos de cirug\u00eda de vejiga Resecci\u00f3n transuretral de tumor vesical (RTUV) Procedimiento que se realiza a traves de la urera y resecando la tumoracion vesical con un asa monopolar como diagnostico, etapificacion y manejo de los tumores de vejiga. Su realizacion se debe discutir previamente en consulta y requiere de una evaluacion integral del caso. Cistoprostatectomia \/ cistectomia radical con derivaci\u00f3n urinaria Se realiza la extirpacion de la vejiga en casos de cancer vesical invasor, por lo que se requiere de la realizacion de una nueva vejiga para mantener la funcionalidad de las vias urinarias, a lo que se le llama derivacion urinaria. Antes de su realizaion se debe tener una adecuada evaluacion del caso.<\/p>\n","protected":false},"author":1,"featured_media":0,"parent":0,"menu_order":0,"comment_status":"closed","ping_status":"closed","template":"","meta":{"footnotes":""},"class_list":["post-756","page","type-page","status-publish","hentry"],"_links":{"self":[{"href":"https:\/\/urotest.aplitic.net\/wp\/wp-json\/wp\/v2\/pages\/756","targetHints":{"allow":["GET"]}}],"collection":[{"href":"https:\/\/urotest.aplitic.net\/wp\/wp-json\/wp\/v2\/pages"}],"about":[{"href":"https:\/\/urotest.aplitic.net\/wp\/wp-json\/wp\/v2\/types\/page"}],"author":[{"embeddable":true,"href":"https:\/\/urotest.aplitic.net\/wp\/wp-json\/wp\/v2\/users\/1"}],"replies":[{"embeddable":true,"href":"https:\/\/urotest.aplitic.net\/wp\/wp-json\/wp\/v2\/comments?post=756"}],"version-history":[{"count":4,"href":"https:\/\/urotest.aplitic.net\/wp\/wp-json\/wp\/v2\/pages\/756\/revisions"}],"predecessor-version":[{"id":761,"href":"https:\/\/urotest.aplitic.net\/wp\/wp-json\/wp\/v2\/pages\/756\/revisions\/761"}],"wp:attachment":[{"href":"https:\/\/urotest.aplitic.net\/wp\/wp-json\/wp\/v2\/media?parent=756"}],"curies":[{"name":"wp","href":"https:\/\/api.w.org\/{rel}","templated":true}]}}